{"id":16,"date":"2022-04-29T17:26:00","date_gmt":"2022-04-29T15:26:00","guid":{"rendered":"https:\/\/lanouvelle-lejeu.fr\/?page_id=16"},"modified":"2022-10-11T16:25:49","modified_gmt":"2022-10-11T14:25:49","slug":"16-2","status":"publish","type":"page","link":"https:\/\/lanouvelle-lejeu.fr\/","title":{"rendered":"Le jeu"},"content":{"rendered":"<p>[et_pb_section fb_built=&#8221;1&#8243; _builder_version=&#8221;4.17.3&#8243; _module_preset=&#8221;default&#8221; background_enable_color=&#8221;off&#8221; background_enable_image=&#8221;off&#8221; global_colors_info=&#8221;{}&#8221;][et_pb_row column_structure=&#8221;3_5,2_5&#8243; make_equal=&#8221;on&#8221; _builder_version=&#8221;4.17.3&#8243; _module_preset=&#8221;default&#8221; custom_margin=&#8221;||||false|false&#8221; custom_padding=&#8221;||||false|false&#8221; global_colors_info=&#8221;{}&#8221;][et_pb_column type=&#8221;3_5&#8243; _builder_version=&#8221;4.17.3&#8243; _module_preset=&#8221;default&#8221; custom_padding=&#8221;||||false|false&#8221; custom_css_main_element=&#8221;display:flex;||flex-direction: column;&#8221; global_colors_info=&#8221;{}&#8221;][et_pb_text _builder_version=&#8221;4.17.3&#8243; _module_preset=&#8221;default&#8221; text_text_color=&#8221;#FFFFFF&#8221; header_font=&#8221;Poppins|300|||||||&#8221; header_text_align=&#8221;left&#8221; header_text_color=&#8221;#b566f9&#8243; header_line_height=&#8221;1.3em&#8221; custom_margin=&#8221;auto|-3px|10px|-3px|false|true&#8221; custom_margin_tablet=&#8221;auto|-3px|10px|-3px|false|true&#8221; custom_margin_phone=&#8221;auto|-3px|10px|-3px|false|true&#8221; custom_margin_last_edited=&#8221;on|phone&#8221; global_colors_info=&#8221;{}&#8221;]<\/p>\n<h1 style=\"text-align: left;\"><strong>La Nouvelle<\/strong> est un jeu de plateforme narratif pour PC, imagin\u00e9 et cr\u00e9\u00e9 par une merveilleuse \u00e9quipe d\u2019\u00e9tudiant\u00b7e\u00b7s en master HIC \u00e0 Cannes.<\/h1>\n<p>[\/et_pb_text][et_pb_button button_url=&#8221;#anchor&#8221; button_text=&#8221;JOUER&#8221; button_alignment=&#8221;left&#8221; button_alignment_tablet=&#8221;left&#8221; button_alignment_phone=&#8221;left&#8221; button_alignment_last_edited=&#8221;on|desktop&#8221; _builder_version=&#8221;4.17.3&#8243; _module_preset=&#8221;default&#8221; custom_button=&#8221;on&#8221; button_text_size=&#8221;20px&#8221; button_text_color=&#8221;#b566f9&#8243; button_bg_color=&#8221;#FFFFFF&#8221; button_border_width=&#8221;1px&#8221; button_border_color=&#8221;#b566f9&#8243; button_border_radius=&#8221;31px&#8221; button_font=&#8221;Fredoka One||||||||&#8221; button_icon=&#8221;&#xf04b;||fa||900&#8243; custom_margin=&#8221;||auto||false|false&#8221; global_colors_info=&#8221;{}&#8221;][\/et_pb_button][\/et_pb_column][et_pb_column type=&#8221;2_5&#8243; _builder_version=&#8221;4.17.2&#8243; _module_preset=&#8221;default&#8221; global_colors_info=&#8221;{}&#8221;][et_pb_image src=&#8221;https:\/\/lanouvelle-lejeu.fr\/wp-content\/uploads\/2022\/04\/LaNouvelle-Logo-Dos-RVB.png&#8221; title_text=&#8221;LaNouvelle-Logo-Dos-RVB&#8221; src_last_edited=&#8221;off|tablet&#8221; _builder_version=&#8221;4.17.2&#8243; _module_preset=&#8221;default&#8221; width=&#8221;80%&#8221; width_tablet=&#8221;65%&#8221; width_phone=&#8221;80%&#8221; width_last_edited=&#8221;on|desktop&#8221; module_alignment=&#8221;center&#8221; global_colors_info=&#8221;{}&#8221;][\/et_pb_image][\/et_pb_column][\/et_pb_row][\/et_pb_section][et_pb_section fb_built=&#8221;1&#8243; _builder_version=&#8221;4.17.3&#8243; _module_preset=&#8221;default&#8221; background_color=&#8221;#c672ff&#8221; background_enable_mask_style=&#8221;on&#8221; background_mask_style=&#8221;arch&#8221; background_mask_transform=&#8221;flip_horizontal&#8221; background_mask_size=&#8221;cover&#8221; background_mask_position=&#8221;bottom_right&#8221; background_mask_horizontal_offset=&#8221;-9%&#8221; background_mask_vertical_offset=&#8221;100%&#8221; background_color_tablet=&#8221;#FFFFFF&#8221; background_last_edited=&#8221;on|phone&#8221; background_enable_color_tablet=&#8221;on&#8221; background_enable_mask_style_tablet=&#8221;off&#8221; global_colors_info=&#8221;{}&#8221;][et_pb_row column_structure=&#8221;1_2,1_2&#8243; _builder_version=&#8221;4.17.3&#8243; _module_preset=&#8221;default&#8221; custom_margin=&#8221;||||false|false&#8221; global_colors_info=&#8221;{}&#8221;][et_pb_column type=&#8221;1_2&#8243; _builder_version=&#8221;4.17.3&#8243; _module_preset=&#8221;default&#8221; global_colors_info=&#8221;{}&#8221;][et_pb_image src=&#8221;https:\/\/lanouvelle-lejeu.fr\/wp-content\/uploads\/2022\/04\/pic.png&#8221; title_text=&#8221;pic&#8221; _builder_version=&#8221;4.17.3&#8243; _module_preset=&#8221;default&#8221; box_shadow_style=&#8221;preset1&#8243; global_colors_info=&#8221;{}&#8221;][\/et_pb_image][\/et_pb_column][et_pb_column type=&#8221;1_2&#8243; _builder_version=&#8221;4.17.3&#8243; _module_preset=&#8221;default&#8221; global_colors_info=&#8221;{}&#8221;][et_pb_text _builder_version=&#8221;4.17.3&#8243; _module_preset=&#8221;default&#8221; custom_margin=&#8221;50px||||false|false&#8221; custom_margin_tablet=&#8221;10px||||false|false&#8221; custom_margin_phone=&#8221;0px||||false|false&#8221; custom_margin_last_edited=&#8221;on|phone&#8221; global_colors_info=&#8221;{}&#8221;]<\/p>\n<p><strong>La Nouvelle<\/strong> est un projet cr\u00e9\u00e9 dans le cadre du Master Humanit\u00e9 et Industries Cr\u00e9atives, Parcours MAJIC, \u00e0 Cannes. D\u2019abord pr\u00e9sent\u00e9 devant un jury en avril 2021 par Linh et Vivien, puis rejoint par Thibault, la production a d\u00e9but\u00e9 en Octobre 2021 avec la constitution de l\u2019\u00e9quipe et le recrutement des \u00e9l\u00e8ves de premi\u00e8re ann\u00e9e. L\u2019\u00e9quipe f\u00fbt \u00e9paul\u00e9e par des volontaires venus de divers horizons.<\/p>\n<p>[\/et_pb_text][\/et_pb_column][\/et_pb_row][et_pb_row column_structure=&#8221;1_2,1_2&#8243; _builder_version=&#8221;4.17.3&#8243; _module_preset=&#8221;default&#8221; global_colors_info=&#8221;{}&#8221;][et_pb_column type=&#8221;1_2&#8243; _builder_version=&#8221;4.17.3&#8243; _module_preset=&#8221;default&#8221; global_colors_info=&#8221;{}&#8221;][et_pb_image src=&#8221;https:\/\/lanouvelle-lejeu.fr\/wp-content\/uploads\/2022\/04\/generaction_solidaire_mains.png&#8221; title_text=&#8221;generaction_solidaire_mains&#8221; _builder_version=&#8221;4.17.3&#8243; _module_preset=&#8221;default&#8221; box_shadow_style=&#8221;preset1&#8243; global_colors_info=&#8221;{}&#8221;][\/et_pb_image][\/et_pb_column][et_pb_column type=&#8221;1_2&#8243; _builder_version=&#8221;4.17.3&#8243; _module_preset=&#8221;default&#8221; global_colors_info=&#8221;{}&#8221;][et_pb_text _builder_version=&#8221;4.17.3&#8243; _module_preset=&#8221;default&#8221; custom_margin=&#8221;50px||||false|false&#8221; custom_margin_tablet=&#8221;10px||||false|false&#8221; custom_margin_phone=&#8221;0px||||false|false&#8221; custom_margin_last_edited=&#8221;on|phone&#8221; global_colors_info=&#8221;{}&#8221;]<\/p>\n<p><span style=\"font-weight: 400;\">Ce jeu a pour but d\u2019ouvrir la discussion sur des th\u00e8mes importants tel le harc\u00e8lement et la phobie scolaire, et d\u2019\u00eatre utilis\u00e9 comme objet de m\u00e9diation lors d\u2019interventions dans les \u00e9coles ou associations aupr\u00e8s des jeunes. Pour \u00eatre au plus proche du r\u00e9el et \u00e9viter les maladresses sur ces sujets sensibles, nous nous sommes entour\u00e9s d\u2019\u00e9tudiantes en droit ayant effectu\u00e9 un travail de veille sur le harc\u00e8lement scolaire, de Mme. No\u00e9mya Grohan, pr\u00e9sidente de l\u2019association G\u00e9n\u00e9r\u2019Action Solidaire, ainsi que de victimes nous ayant apport\u00e9 leur t\u00e9moignage et leurs conseils.<\/span><\/p>\n<p>[\/et_pb_text][\/et_pb_column][\/et_pb_row][\/et_pb_section][et_pb_section fb_built=&#8221;1&#8243; _builder_version=&#8221;4.17.3&#8243; _module_preset=&#8221;default&#8221; global_colors_info=&#8221;{}&#8221;][et_pb_row _builder_version=&#8221;4.17.3&#8243; _module_preset=&#8221;default&#8221; global_colors_info=&#8221;{}&#8221;][et_pb_column type=&#8221;4_4&#8243; _builder_version=&#8221;4.17.3&#8243; _module_preset=&#8221;default&#8221; global_colors_info=&#8221;{}&#8221;][et_pb_text _builder_version=&#8221;4.17.3&#8243; _module_preset=&#8221;default&#8221; header_2_font=&#8221;|600|||||||&#8221; header_2_text_color=&#8221;#b566f9&#8243; header_2_font_size=&#8221;45px&#8221; global_colors_info=&#8221;{}&#8221;]<\/p>\n<h2 style=\"text-align: center;\">Le jeu :<\/h2>\n<p>[\/et_pb_text][\/et_pb_column][\/et_pb_row][et_pb_row column_structure=&#8221;1_3,1_3,1_3&#8243; custom_padding_last_edited=&#8221;on|phone&#8221; _builder_version=&#8221;4.17.3&#8243; _module_preset=&#8221;default&#8221; custom_margin=&#8221;||||false|true&#8221; custom_padding=&#8221;|0px||0px|false|true&#8221; custom_padding_tablet=&#8221;|15%||15%|false|true&#8221; custom_padding_phone=&#8221;|0%||0%|false|true&#8221; global_colors_info=&#8221;{}&#8221;][et_pb_column type=&#8221;1_3&#8243; _builder_version=&#8221;4.17.3&#8243; _module_preset=&#8221;default&#8221; border_radii=&#8221;on|10px|10px|10px|10px&#8221; box_shadow_style=&#8221;preset1&#8243; global_colors_info=&#8221;{}&#8221;][et_pb_image src=&#8221;https:\/\/lanouvelle-lejeu.fr\/wp-content\/uploads\/2022\/04\/Cry2.png&#8221; title_text=&#8221;Cry2&#8243; _builder_version=&#8221;4.17.3&#8243; _module_preset=&#8221;default&#8221; global_colors_info=&#8221;{}&#8221;][\/et_pb_image][et_pb_text _builder_version=&#8221;4.17.3&#8243; _module_preset=&#8221;default&#8221; custom_padding=&#8221;|10%|10%|10%|false|false&#8221; global_colors_info=&#8221;{}&#8221;]<\/p>\n<p style=\"text-align: left;\"><span style=\"font-weight: 400;\">Vous incarnez Enola, une jeune coll\u00e9gienne harcel\u00e9e. Avec l&#8217;aide de Lucie, une fille de son \u00e2ge partageant son corps, elle va lutter contre ses angoisses, ses peurs et va tenter de r\u00e9aliser son r\u00eave : se pr\u00e9senter aux auditions du club de th\u00e9\u00e2tre.<\/span><\/p>\n<p>[\/et_pb_text][\/et_pb_column][et_pb_column type=&#8221;1_3&#8243; _builder_version=&#8221;4.17.3&#8243; _module_preset=&#8221;default&#8221; border_radii=&#8221;on|10px|10px|10px|10px&#8221; box_shadow_style=&#8221;preset1&#8243; global_colors_info=&#8221;{}&#8221;][et_pb_image src=&#8221;https:\/\/lanouvelle-lejeu.fr\/wp-content\/uploads\/2022\/04\/barette-1.png&#8221; title_text=&#8221;barette&#8221; _builder_version=&#8221;4.17.3&#8243; _module_preset=&#8221;default&#8221; global_colors_info=&#8221;{}&#8221;][\/et_pb_image][et_pb_text _builder_version=&#8221;4.17.3&#8243; _module_preset=&#8221;default&#8221; custom_padding=&#8221;|10%|10%|10%|false|false&#8221; global_colors_info=&#8221;{}&#8221;]<\/p>\n<p><span style=\"font-weight: 400;\">Vous explorerez des phases de plateformes o\u00f9 vous parcourrez des niveaux issus de l\u2019inconscient, des peurs et des angoisses d\u2019Enola. Les insultes et les remarques prendront litt\u00e9ralement vie ! \u00c0 vous d\u2019user de votre agilit\u00e9 et de votre pouvoir de barrette pour surmonter ces \u00e9preuves !<\/span><\/p>\n<p>[\/et_pb_text][\/et_pb_column][et_pb_column type=&#8221;1_3&#8243; _builder_version=&#8221;4.17.3&#8243; _module_preset=&#8221;default&#8221; border_radii=&#8221;on|10px|10px|10px|10px&#8221; box_shadow_style=&#8221;preset1&#8243; global_colors_info=&#8221;{}&#8221;][et_pb_image src=&#8221;https:\/\/lanouvelle-lejeu.fr\/wp-content\/uploads\/2022\/04\/Fichier-2.png&#8221; title_text=&#8221;Fichier 2&#8243; _builder_version=&#8221;4.17.3&#8243; _module_preset=&#8221;default&#8221; global_colors_info=&#8221;{}&#8221;][\/et_pb_image][et_pb_text _builder_version=&#8221;4.17.3&#8243; _module_preset=&#8221;default&#8221; custom_padding=&#8221;|10%|10%|10%|false|false&#8221; global_colors_info=&#8221;{}&#8221;]<\/p>\n<p><span style=\"font-weight: 400;\">Et des phases narratives o\u00f9 vous pourrez discuter avec vos camarades, en apprendre plus sur eux, et comprendre leurs motivations. Des personnages pourront aussi vous apostropher, ce sera \u00e0 vous de faire les bons choix et de trouver les mots juste pour vous en sortir sans encombre !<\/span><\/p>\n<p>[\/et_pb_text][\/et_pb_column][\/et_pb_row][et_pb_row _builder_version=&#8221;4.17.3&#8243; _module_preset=&#8221;default&#8221; global_colors_info=&#8221;{}&#8221; custom_padding=&#8221;60px|||||&#8221;][et_pb_column type=&#8221;4_4&#8243; _builder_version=&#8221;4.17.3&#8243; _module_preset=&#8221;default&#8221; global_colors_info=&#8221;{}&#8221;][et_pb_text _builder_version=&#8221;4.17.3&#8243; _module_preset=&#8221;default&#8221; header_3_font=&#8221;Poppins||||||||&#8221; header_3_text_color=&#8221;#b566f9&#8243; header_3_line_height=&#8221;1.4em&#8221; custom_padding=&#8221;|||0px||&#8221; global_colors_info=&#8221;{}&#8221;]<\/p>\n<h3>T\u00e9l\u00e9charger le jeu !<br \/>Toute l\u2019\u00e9quipe de La Nouvelle esp\u00e8re que vous passerez un bon moment en jouant au jeu !<\/h3>\n<p>[\/et_pb_text][\/et_pb_column][\/et_pb_row][et_pb_row column_structure=&#8221;1_3,1_3,1_3&#8243; module_id=&#8221;anchor&#8221; _builder_version=&#8221;4.17.3&#8243; _module_preset=&#8221;default&#8221; custom_margin=&#8221;20px||||false|false&#8221; custom_padding=&#8221;50px|10%||10%|false|false&#8221; global_colors_info=&#8221;{}&#8221;][et_pb_column type=&#8221;1_3&#8243; _builder_version=&#8221;4.17.3&#8243; _module_preset=&#8221;default&#8221; global_colors_info=&#8221;{}&#8221;][et_pb_icon font_icon=&#8221;&#xf358;||fa||900&#8243; icon_color=&#8221;#b566f9&#8243; url=&#8221;https:\/\/drive.google.com\/file\/d\/1QSk7xQV3RX_dmefJawmv4ia1zVhINXZk\/view?usp=sharing&#8221; url_new_window=&#8221;on&#8221; _builder_version=&#8221;4.17.3&#8243; _module_preset=&#8221;default&#8221; custom_padding=&#8221;|0px|||false|false&#8221; hover_enabled=&#8221;0&#8243; global_colors_info=&#8221;{}&#8221; icon_width=&#8221;65px&#8221; sticky_enabled=&#8221;0&#8243;][\/et_pb_icon][et_pb_text _builder_version=&#8221;4.17.3&#8243; _module_preset=&#8221;default&#8221; global_colors_info=&#8221;{}&#8221;]<\/p>\n<p style=\"text-align: center;\">Windows<\/p>\n<p>[\/et_pb_text][\/et_pb_column][et_pb_column type=&#8221;1_3&#8243; _builder_version=&#8221;4.17.3&#8243; _module_preset=&#8221;default&#8221; global_colors_info=&#8221;{}&#8221;][et_pb_icon font_icon=&#8221;&#xf358;||fa||900&#8243; icon_color=&#8221;#b566f9&#8243; url=&#8221;https:\/\/drive.google.com\/file\/d\/1wryw3PSaXsehIAUoGv4ZDqB95XNxIvTK\/view?usp=sharing&#8221; url_new_window=&#8221;on&#8221; _builder_version=&#8221;4.17.3&#8243; _module_preset=&#8221;default&#8221; custom_padding=&#8221;|0px|||false|false&#8221; hover_enabled=&#8221;0&#8243; global_colors_info=&#8221;{}&#8221; icon_width=&#8221;65px&#8221; sticky_enabled=&#8221;0&#8243;][\/et_pb_icon][et_pb_text _builder_version=&#8221;4.17.3&#8243; _module_preset=&#8221;default&#8221; hover_enabled=&#8221;0&#8243; global_colors_info=&#8221;{}&#8221; sticky_enabled=&#8221;0&#8243;]<\/p>\n<p style=\"text-align: center;\">Mac<\/p>\n<p>[\/et_pb_text][\/et_pb_column][et_pb_column type=&#8221;1_3&#8243; _builder_version=&#8221;4.17.3&#8243; _module_preset=&#8221;default&#8221; global_colors_info=&#8221;{}&#8221;][et_pb_icon font_icon=&#8221;&#xf358;||fa||900&#8243; icon_color=&#8221;#b566f9&#8243; url=&#8221;https:\/\/drive.google.com\/file\/d\/1Khz3xS9eClSSnwgXwPLepecOMXrq47tO\/view?usp=sharing&#8221; url_new_window=&#8221;on&#8221; _builder_version=&#8221;4.17.3&#8243; _module_preset=&#8221;default&#8221; custom_padding=&#8221;|0px|||false|false&#8221; hover_enabled=&#8221;0&#8243; global_colors_info=&#8221;{}&#8221; icon_width=&#8221;65px&#8221; sticky_enabled=&#8221;0&#8243;][\/et_pb_icon][et_pb_text _builder_version=&#8221;4.17.3&#8243; _module_preset=&#8221;default&#8221; hover_enabled=&#8221;0&#8243; global_colors_info=&#8221;{}&#8221; sticky_enabled=&#8221;0&#8243;]<\/p>\n<p style=\"text-align: center;\">Linux<\/p>\n<p>[\/et_pb_text][\/et_pb_column][\/et_pb_row][\/et_pb_section]<\/p>\n","protected":false},"excerpt":{"rendered":"<p>La Nouvelle est un jeu de plateforme narratif pour PC, imagin\u00e9 et cr\u00e9\u00e9 par une merveilleuse \u00e9quipe d\u2019\u00e9tudiant\u00b7e\u00b7s en master HIC \u00e0 Cannes.<\/p>\n","protected":false},"author":1,"featured_media":64,"parent":0,"menu_order":0,"comment_status":"closed","ping_status":"closed","template":"","meta":{"_et_pb_use_builder":"on","_et_pb_old_content":"","_et_gb_content_width":"","footnotes":""},"class_list":["post-16","page","type-page","status-publish","has-post-thumbnail","hentry"],"_links":{"self":[{"href":"https:\/\/lanouvelle-lejeu.fr\/index.php?rest_route=\/wp\/v2\/pages\/16","targetHints":{"allow":["GET"]}}],"collection":[{"href":"https:\/\/lanouvelle-lejeu.fr\/index.php?rest_route=\/wp\/v2\/pages"}],"about":[{"href":"https:\/\/lanouvelle-lejeu.fr\/index.php?rest_route=\/wp\/v2\/types\/page"}],"author":[{"embeddable":true,"href":"https:\/\/lanouvelle-lejeu.fr\/index.php?rest_route=\/wp\/v2\/users\/1"}],"replies":[{"embeddable":true,"href":"https:\/\/lanouvelle-lejeu.fr\/index.php?rest_route=%2Fwp%2Fv2%2Fcomments&post=16"}],"version-history":[{"count":22,"href":"https:\/\/lanouvelle-lejeu.fr\/index.php?rest_route=\/wp\/v2\/pages\/16\/revisions"}],"predecessor-version":[{"id":129,"href":"https:\/\/lanouvelle-lejeu.fr\/index.php?rest_route=\/wp\/v2\/pages\/16\/revisions\/129"}],"wp:featuredmedia":[{"embeddable":true,"href":"https:\/\/lanouvelle-lejeu.fr\/index.php?rest_route=\/wp\/v2\/media\/64"}],"wp:attachment":[{"href":"https:\/\/lanouvelle-lejeu.fr\/index.php?rest_route=%2Fwp%2Fv2%2Fmedia&parent=16"}],"curies":[{"name":"wp","href":"https:\/\/api.w.org\/{rel}","templated":true}]}}